
{"id":1538,"date":"2023-04-19T21:55:30","date_gmt":"2023-04-20T01:55:30","guid":{"rendered":"https:\/\/fidestraducciones.com\/?post_type=product&#038;p=1538"},"modified":"2026-02-19T10:46:20","modified_gmt":"2026-02-19T14:46:20","slug":"apostilla-extranjera","status":"publish","type":"product","link":"https:\/\/fidestraducciones.com\/es\/producto\/apostilla-extranjera\/","title":{"rendered":"Apostilla Extranjera"},"content":{"rendered":"","protected":false},"excerpt":{"rendered":"<p>La apostilla consiste en una certificaci\u00f3n \u00fanica que permite legalizar documentos p\u00fablicos para que sean v\u00e1lidos tanto en su\u00a0 pa\u00eds de\u00a0 origen como en el extranjero.<\/p>\n<p><span style=\"color: #ff0000;\"><strong>NOTA: El proceso de cobro se realiza por p\u00e1gina. Cada p\u00e1gina se considera con un m\u00e1ximo de 250 palabras con un tama\u00f1o de letra normal tama\u00f1o 12.\u00a0\u00a0<\/strong><\/span><\/p>\n","protected":false},"featured_media":1637,"template":"","meta":{"_acf_changed":false,"_joinchat":[]},"product_brand":[],"product_cat":[63],"product_tag":[],"class_list":{"0":"post-1538","1":"product","2":"type-product","3":"status-publish","4":"has-post-thumbnail","6":"product_cat-paquetes-de-traduccion","8":"first","9":"instock","10":"shipping-taxable","11":"purchasable","12":"product-type-variable"},"acf":[],"_links":{"self":[{"href":"https:\/\/fidestraducciones.com\/es\/wp-json\/wp\/v2\/product\/1538","targetHints":{"allow":["GET"]}}],"collection":[{"href":"https:\/\/fidestraducciones.com\/es\/wp-json\/wp\/v2\/product"}],"about":[{"href":"https:\/\/fidestraducciones.com\/es\/wp-json\/wp\/v2\/types\/product"}],"wp:featuredmedia":[{"embeddable":true,"href":"https:\/\/fidestraducciones.com\/es\/wp-json\/wp\/v2\/media\/1637"}],"wp:attachment":[{"href":"https:\/\/fidestraducciones.com\/es\/wp-json\/wp\/v2\/media?parent=1538"}],"wp:term":[{"taxonomy":"product_brand","embeddable":true,"href":"https:\/\/fidestraducciones.com\/es\/wp-json\/wp\/v2\/product_brand?post=1538"},{"taxonomy":"product_cat","embeddable":true,"href":"https:\/\/fidestraducciones.com\/es\/wp-json\/wp\/v2\/product_cat?post=1538"},{"taxonomy":"product_tag","embeddable":true,"href":"https:\/\/fidestraducciones.com\/es\/wp-json\/wp\/v2\/product_tag?post=1538"}],"curies":[{"name":"wp","href":"https:\/\/api.w.org\/{rel}","templated":true}]}}