
{"id":969,"date":"2021-07-22T09:45:41","date_gmt":"2021-07-22T13:45:41","guid":{"rendered":"https:\/\/fidestraducciones.com\/home-fullwide-copy\/"},"modified":"2021-08-03T18:09:55","modified_gmt":"2021-08-03T22:09:55","slug":"cursos-de-idiomas","status":"publish","type":"page","link":"https:\/\/fidestraducciones.com\/es\/cursos-de-idiomas\/","title":{"rendered":"CURSOS DE IDIOMAS"},"content":{"rendered":"<div data-vc-full-width=\"true\" data-vc-full-width-init=\"false\" class=\"vc_row wpb_row vc_row-fluid vc_custom_1489406837099 vc_row-has-fill\"><div class=\"wpb_column vc_column_container vc_col-sm-12 sc_layouts_column_icons_position_left\"><div class=\"vc_column-inner\"><div class=\"wpb_wrapper\"><div class=\"vc_empty_space  height_huge\"   style=\"height: 32px\"><span class=\"vc_empty_space_inner\"><\/span><\/div><div class=\"sc_courses sc_courses_default\"><h3 class=\"sc_item_title sc_courses_title sc_align_left sc_item_title_style_default\">Cursos de Idiomas<\/h3><div class=\"sc_item_descr sc_courses_descr sc_align_left\">Con la ayuda de nuestros profesores y traductores profesionales usted ser\u00e1 capaz de afinar sus habilidades en poco tiempo.<\/div><div class=\"sc_courses_columns sc_item_columns trx_addons_columns_wrap columns_padding_bottom\"><div class=\"trx_addons_column-1_3\"><div class=\"sc_courses_item trx_addons_hover trx_addons_hover_style_links\">\n\t\t\t<div class=\"sc_courses_item_thumb\">\n\t\t\t<img fetchpriority=\"high\" decoding=\"async\" width=\"760\" height=\"428\" src=\"https:\/\/mlh2ogs4vnsp.i.optimole.com\/w:760\/h:428\/q:mauto\/rt:fill\/g:ce\/ig:avif\/https:\/\/fidestraducciones.com\/wp-content\/uploads\/2017\/03\/post-11.jpg\" class=\"attachment-translang-thumb-big size-translang-thumb-big wp-post-image\" alt=\"Nivel B\u00e1sico (A1-A2)\" srcset=\"https:\/\/mlh2ogs4vnsp.i.optimole.com\/w:760\/h:428\/q:mauto\/rt:fill\/g:ce\/ig:avif\/https:\/\/fidestraducciones.com\/wp-content\/uploads\/2017\/03\/post-11.jpg 760w, https:\/\/mlh2ogs4vnsp.i.optimole.com\/w:1170\/h:658\/q:mauto\/rt:fill\/g:ce\/ig:avif\/https:\/\/fidestraducciones.com\/wp-content\/uploads\/2017\/03\/post-11.jpg 1170w, https:\/\/mlh2ogs4vnsp.i.optimole.com\/w:270\/h:152\/q:mauto\/rt:fill\/g:ce\/ig:avif\/https:\/\/fidestraducciones.com\/wp-content\/uploads\/2017\/03\/post-11.jpg 270w\" sizes=\"(max-width: 760px) 100vw, 760px\" \/>\t\t\t<span class=\"sc_courses_item_categories\"><a href=\"https:\/\/fidestraducciones.com\/es\/courses_group\/group\/\" title=\"View all posts in ENG\">ENG<\/a><\/span>\n\t\t<\/div>\n\t\t<div class=\"sc_courses_item_info\">\n\t\t<div class=\"sc_courses_item_header\">\n\t\t\t<h4 class=\"sc_courses_item_title\"><a href=\"https:\/\/fidestraducciones.com\/es\/courses\/nivel-basico-a1-a2\/\">Nivel B\u00e1sico (A1-A2)<\/a><\/h4>\n\t\t\t<div class=\"sc_courses_item_meta\">\n\t\t\t\t<i class=\"demo-icon icon-clock-empty\"><\/i>\n\t\t\t\t<span class=\"sc_courses_item_meta_item sc_courses_item_meta_date\">Started on <span class=\"sc_courses_item_date\">June 1, 2021<\/span><\/span>\n\t\t\t<\/span>\n\t\t\t\t\t\t\t\t\t<div class=\"sc_courses_item_meta_description\">Usted en el nivel b\u00e1sico aprender\u00e1 a familiarizarse con el lenguaje, luego aprender\u00e1 vocabulario importante y expresiones comunes, finalmente se comunicar\u00e1 en ingl\u00e9s en un nivel b\u00e1sico lo cual significa pedir instrucciones, hacer y responder preguntas, pedir comida y bebida en un restaurant y mucho m\u00e1s. <\/div>\n\t\t\t\t      <\/div>\n\t\t<\/div>\n\t\t<div class=\"sc_courses_item_price\">$Bs. 26.25 <span class=\"sc_courses_item_period\"> CLASE<\/span><\/div>\n\t<\/div>\n\t<div class=\"trx_addons_hover_mask\"><\/div>\n\t<div class=\"trx_addons_hover_content\">\n\t\t<h4 class=\"trx_addons_hover_title\">Nivel B\u00e1sico (A1-A2)<\/h4>\n\t\t\t\t\t<div class=\"trx_addons_hover_text\">Usted en el nivel b\u00e1sico aprender\u00e1 a familiarizarse con el lenguaje, luego aprender\u00e1 vocabulario importante y expresiones comunes, finalmente se comunicar\u00e1 en ingl\u00e9s en un nivel b\u00e1sico lo cual significa pedir instrucciones, hacer y responder preguntas, pedir comida y bebida en un restaurant y mucho m\u00e1s. <\/div>\n\t\t\t\t<div class=\"trx_addons_hover_links\">\n\t\t\t<a href=\"https:\/\/fidestraducciones.com\/es\/courses\/nivel-basico-a1-a2\/\" class=\"trx_addons_hover_link\">More Info<\/a>\n\t\t\t\t\t<\/div>\n\t<\/div>\n<\/div>\n<\/div><div class=\"trx_addons_column-1_3\"><div class=\"sc_courses_item trx_addons_hover trx_addons_hover_style_links\">\n\t\t\t<div class=\"sc_courses_item_thumb\">\n\t\t\t<img fetchpriority=\"high\" decoding=\"async\" width=\"760\" height=\"428\" src=\"https:\/\/mlh2ogs4vnsp.i.optimole.com\/w:760\/h:428\/q:mauto\/rt:fill\/g:ce\/ig:avif\/https:\/\/fidestraducciones.com\/wp-content\/uploads\/2017\/03\/post-8.jpg\" class=\"attachment-translang-thumb-big size-translang-thumb-big wp-post-image\" alt=\"Nivel Independiente (B1-B2)\" srcset=\"https:\/\/mlh2ogs4vnsp.i.optimole.com\/w:760\/h:428\/q:mauto\/rt:fill\/g:ce\/ig:avif\/https:\/\/fidestraducciones.com\/wp-content\/uploads\/2017\/03\/post-8.jpg 760w, https:\/\/mlh2ogs4vnsp.i.optimole.com\/w:1170\/h:658\/q:mauto\/rt:fill\/g:ce\/ig:avif\/https:\/\/fidestraducciones.com\/wp-content\/uploads\/2017\/03\/post-8.jpg 1170w, https:\/\/mlh2ogs4vnsp.i.optimole.com\/w:270\/h:152\/q:mauto\/rt:fill\/g:ce\/ig:avif\/https:\/\/fidestraducciones.com\/wp-content\/uploads\/2017\/03\/post-8.jpg 270w\" sizes=\"(max-width: 760px) 100vw, 760px\" \/>\t\t\t<span class=\"sc_courses_item_categories\"><a href=\"https:\/\/fidestraducciones.com\/es\/courses_group\/group\/\" title=\"View all posts in ENG\">ENG<\/a><\/span>\n\t\t<\/div>\n\t\t<div class=\"sc_courses_item_info\">\n\t\t<div class=\"sc_courses_item_header\">\n\t\t\t<h4 class=\"sc_courses_item_title\"><a href=\"https:\/\/fidestraducciones.com\/es\/courses\/nivel-independiente-b1-b2\/\">Nivel Independiente (B1-B2)<\/a><\/h4>\n\t\t\t<div class=\"sc_courses_item_meta\">\n\t\t\t\t<i class=\"demo-icon icon-clock-empty\"><\/i>\n\t\t\t\t<span class=\"sc_courses_item_meta_item sc_courses_item_meta_date\">Started on <span class=\"sc_courses_item_date\">June 2, 2021<\/span><\/span>\n\t\t\t<\/span>\n\t\t\t\t\t\t\t\t\t<div class=\"sc_courses_item_meta_description\">En el nivel independiente usted podr\u00e1 intercambiar ideas, comentarios y observaciones de su d\u00eda a d\u00eda con bastante vocabulario para independizarla(o). Su persona podr\u00e1 mantener una conversaci\u00f3n durante minutos y expresarse correctamente. Llegando al final de estos niveles los estudiantes se expresar\u00e1n con mayor fluidez y con mayor confianza.<\/div>\n\t\t\t\t      <\/div>\n\t\t<\/div>\n\t\t<div class=\"sc_courses_item_price\">$Bs. 30<span class=\"sc_courses_item_period\"> CLASE<\/span><\/div>\n\t<\/div>\n\t<div class=\"trx_addons_hover_mask\"><\/div>\n\t<div class=\"trx_addons_hover_content\">\n\t\t<h4 class=\"trx_addons_hover_title\">Nivel Independiente (B1-B2)<\/h4>\n\t\t\t\t\t<div class=\"trx_addons_hover_text\">En el nivel independiente usted podr\u00e1 intercambiar ideas, comentarios y observaciones de su d\u00eda a d\u00eda con bastante vocabulario para independizarla(o). Su persona podr\u00e1 mantener una conversaci\u00f3n durante minutos y expresarse correctamente. Llegando al final de estos niveles los estudiantes se expresar\u00e1n con mayor fluidez y con mayor confianza.<\/div>\n\t\t\t\t<div class=\"trx_addons_hover_links\">\n\t\t\t<a href=\"https:\/\/fidestraducciones.com\/es\/courses\/nivel-independiente-b1-b2\/\" class=\"trx_addons_hover_link\">More Info<\/a>\n\t\t\t\t\t<\/div>\n\t<\/div>\n<\/div>\n<\/div><div class=\"trx_addons_column-1_3\"><div class=\"sc_courses_item trx_addons_hover trx_addons_hover_style_links\">\n\t\t\t<div class=\"sc_courses_item_thumb\">\n\t\t\t<img data-opt-src=\"https:\/\/mlh2ogs4vnsp.i.optimole.com\/w:760\/h:428\/q:mauto\/rt:fill\/g:ce\/ig:avif\/https:\/\/fidestraducciones.com\/wp-content\/uploads\/2017\/03\/post-10.jpg\"  decoding=\"async\" width=\"760\" height=\"428\" src=\"data:image/svg+xml,%3Csvg%20viewBox%3D%220%200%20760%20428%22%20width%3D%22760%22%20height%3D%22428%22%20xmlns%3D%22http%3A%2F%2Fwww.w3.org%2F2000%2Fsvg%22%3E%3Crect%20width%3D%22760%22%20height%3D%22428%22%20fill%3D%22transparent%22%2F%3E%3C%2Fsvg%3E\" class=\"attachment-translang-thumb-big size-translang-thumb-big wp-post-image\" alt=\"Nivel de Dominio (C1-C2)\" old-srcset=\"https:\/\/mlh2ogs4vnsp.i.optimole.com\/w:760\/h:428\/q:mauto\/rt:fill\/g:ce\/ig:avif\/https:\/\/fidestraducciones.com\/wp-content\/uploads\/2017\/03\/post-10.jpg 760w, https:\/\/mlh2ogs4vnsp.i.optimole.com\/w:1170\/h:658\/q:mauto\/rt:fill\/g:ce\/ig:avif\/https:\/\/fidestraducciones.com\/wp-content\/uploads\/2017\/03\/post-10.jpg 1170w, https:\/\/mlh2ogs4vnsp.i.optimole.com\/w:270\/h:152\/q:mauto\/rt:fill\/g:ce\/ig:avif\/https:\/\/fidestraducciones.com\/wp-content\/uploads\/2017\/03\/post-10.jpg 270w\" \/>\t\t\t<span class=\"sc_courses_item_categories\"><a href=\"https:\/\/fidestraducciones.com\/es\/courses_group\/group\/\" title=\"View all posts in ENG\">ENG<\/a><\/span>\n\t\t<\/div>\n\t\t<div class=\"sc_courses_item_info\">\n\t\t<div class=\"sc_courses_item_header\">\n\t\t\t<h4 class=\"sc_courses_item_title\"><a href=\"https:\/\/fidestraducciones.com\/es\/courses\/nivel-de-dominio-c1-c2\/\">Nivel de Dominio (C1-C2)<\/a><\/h4>\n\t\t\t<div class=\"sc_courses_item_meta\">\n\t\t\t\t<i class=\"demo-icon icon-clock-empty\"><\/i>\n\t\t\t\t<span class=\"sc_courses_item_meta_item sc_courses_item_meta_date\">Started on <span class=\"sc_courses_item_date\">June 3, 2021<\/span><\/span>\n\t\t\t<\/span>\n\t\t\t\t\t\t\t\t\t<div class=\"sc_courses_item_meta_description\">En el nivel de dominio usted entender\u00e1 y har\u00e1 entender sus ideas perfectamente al hablar ingl\u00e9s. Los estudiantes comprender\u00e1n una amplia variedad de textos largos y reconocer impl\u00edcitos, expresi\u00f3n espont\u00e1nea sin muestras de esfuerzo para encontrar la expresi\u00f3n adecuada.<\/div>\n\t\t\t\t      <\/div>\n\t\t<\/div>\n\t\t<div class=\"sc_courses_item_price\">$Bs. 32.50<span class=\"sc_courses_item_period\"> CLASE<\/span><\/div>\n\t<\/div>\n\t<div class=\"trx_addons_hover_mask\"><\/div>\n\t<div class=\"trx_addons_hover_content\">\n\t\t<h4 class=\"trx_addons_hover_title\">Nivel de Dominio (C1-C2)<\/h4>\n\t\t\t\t\t<div class=\"trx_addons_hover_text\">En el nivel de dominio usted entender\u00e1 y har\u00e1 entender sus ideas perfectamente al hablar ingl\u00e9s. Los estudiantes comprender\u00e1n una amplia variedad de textos largos y reconocer impl\u00edcitos, expresi\u00f3n espont\u00e1nea sin muestras de esfuerzo para encontrar la expresi\u00f3n adecuada.<\/div>\n\t\t\t\t<div class=\"trx_addons_hover_links\">\n\t\t\t<a href=\"https:\/\/fidestraducciones.com\/es\/courses\/nivel-de-dominio-c1-c2\/\" class=\"trx_addons_hover_link\">More Info<\/a>\n\t\t\t\t\t<\/div>\n\t<\/div>\n<\/div>\n<\/div><\/div><\/div><!-- \/.sc_courses --><div class=\"vc_empty_space  height_medium\"   style=\"height: 32px\"><span class=\"vc_empty_space_inner\"><\/span><\/div><div class=\"sc_item_button sc_button_wrap sc_align_center\"><a href=\"\/courses\" id=\"sc_button_545988379\" class=\"sc_button sc_button_default sc_button_size_normal sc_button_icon_left\"><span class=\"sc_button_text sc_align_center\"><span class=\"sc_button_title\">Ver Todos Los Cursos<\/span><\/span><!-- \/.sc_button_text --><\/a><!-- \/.sc_button --><\/div><!-- \/.sc_item_button --><div class=\"vc_empty_space  height_large\"   style=\"height: 32px\"><span class=\"vc_empty_space_inner\"><\/span><\/div><\/div><\/div><\/div><\/div><div class=\"vc_row-full-width vc_clearfix\"><\/div><div data-vc-full-width=\"true\" data-vc-full-width-init=\"false\" class=\"vc_row wpb_row vc_row-fluid vc_custom_1517234792511 vc_row-has-fill\"><div class=\"wpb_column vc_column_container vc_col-sm-12 sc_layouts_column_icons_position_left\"><div class=\"vc_column-inner\"><div class=\"wpb_wrapper\"><div class=\"vc_empty_space  height_huge\"   style=\"height: 32px\"><span class=\"vc_empty_space_inner\"><\/span><\/div><div class=\"vc_row wpb_row vc_inner vc_row-fluid\"><div class=\"wpb_column vc_column_container vc_col-sm-5 sc_layouts_column_icons_position_left\"><div class=\"vc_column-inner\"><div class=\"wpb_wrapper\"><\/div><\/div><\/div><div class=\"wpb_column vc_column_container vc_col-sm-7 sc_layouts_column_icons_position_left\"><div class=\"vc_column-inner\"><div class=\"wpb_wrapper\"><div class=\"sc_testimonials sc_testimonials_default  vc_custom_1492502984497\"><div class=\"sc_testimonials_slider sc_item_slider\tslider_swiper_outer slider_outer_nocontrols slider_outer_pagination slider_outer_pagination_bullets slider_outer_pagination_pos_right slider_outer_one\">\n\t<div class=\"swiper-slider-container slider_swiper slider_noresize slider_nocontrols slider_pagination slider_pagination_bullets slider_pagination_pos_right slider_one\" data-slides-min-width=\"150\">\n\t\t<div class=\"slides swiper-wrapper sc_item_columns_1\"><div class=\"swiper-slide\"><div class=\"sc_testimonials_item\">\n\t<div class=\"sc_testimonials_item_content\"><p><iframe style=\"border: none; overflow: hidden;\" src=\"https:\/\/www.facebook.com\/plugins\/post.php?href=https%3A%2F%2Fwww.facebook.com%2FXisone%2Fposts%2F10222219766902571&amp;show_text=true&amp;width=500\" width=\"500\" height=\"169\" frameborder=\"0\" scrolling=\"no\" allowfullscreen=\"allowfullscreen\"><\/iframe><\/p>\n<\/div>\n\t<div class=\"sc_testimonials_item_author\">\n\t\t\t\t<div class=\"sc_testimonials_item_author_data\">\n\t\t\t<h4 class=\"sc_testimonials_item_author_title\">George Mason<\/h4>\n\t\t\t<div class=\"sc_testimonials_item_author_subtitle\"><\/div>\n\t\t<\/div>\n\t<\/div>\n<\/div>\n<\/div><div class=\"swiper-slide\"><div class=\"sc_testimonials_item\">\n\t<div class=\"sc_testimonials_item_content\"><p><iframe src=\"https:\/\/www.facebook.com\/plugins\/post.php?href=https%3A%2F%2Fwww.facebook.com%2Frodriguez.jose.oscar%2Fposts%2F970341583307533&#038;show_text=true&#038;width=500\" width=\"500\" height=\"158\" style=\"border:none;overflow:hidden\" scrolling=\"no\" frameborder=\"0\" allowfullscreen=\"true\" allow=\"autoplay; clipboard-write; encrypted-media; picture-in-picture; web-share\"><\/iframe><\/p>\n<\/div>\n\t<div class=\"sc_testimonials_item_author\">\n\t\t\t\t<div class=\"sc_testimonials_item_author_data\">\n\t\t\t<h4 class=\"sc_testimonials_item_author_title\">Joseph O. Rodr\u00edguez<\/h4>\n\t\t\t<div class=\"sc_testimonials_item_author_subtitle\"><\/div>\n\t\t<\/div>\n\t<\/div>\n<\/div>\n<\/div><div class=\"swiper-slide\"><div class=\"sc_testimonials_item\">\n\t<div class=\"sc_testimonials_item_content\"><p><iframe src=\"https:\/\/www.facebook.com\/plugins\/post.php?href=https%3A%2F%2Fwww.facebook.com%2FChichitho%2Fposts%2F10162083986805287&#038;show_text=true&#038;width=500\" width=\"500\" height=\"158\" style=\"border:none;overflow:hidden\" scrolling=\"no\" frameborder=\"0\" allowfullscreen=\"true\" allow=\"autoplay; clipboard-write; encrypted-media; picture-in-picture; web-share\"><\/iframe><\/p>\n<\/div>\n\t<div class=\"sc_testimonials_item_author\">\n\t\t\t\t<div class=\"sc_testimonials_item_author_data\">\n\t\t\t<h4 class=\"sc_testimonials_item_author_title\">Chichi Roman<\/h4>\n\t\t\t<div class=\"sc_testimonials_item_author_subtitle\"><\/div>\n\t\t<\/div>\n\t<\/div>\n<\/div>\n<\/div><\/div><div class=\"slider_pagination_wrap swiper-pagination\"><\/div><\/div><\/div><\/div><!-- \/.sc_testimonials --><\/div><\/div><\/div><\/div><div class=\"vc_empty_space  height_huge\"   style=\"height: 32px\"><span class=\"vc_empty_space_inner\"><\/span><\/div><div class=\"vc_empty_space  height_medium\"   style=\"height: 32px\"><span class=\"vc_empty_space_inner\"><\/span><\/div><div class=\"vc_empty_space  height_medium\"   style=\"height: 32px\"><span class=\"vc_empty_space_inner\"><\/span><\/div><\/div><\/div><\/div><\/div><div class=\"vc_row-full-width vc_clearfix\"><\/div>\n","protected":false},"excerpt":{"rendered":"","protected":false},"author":1,"featured_media":0,"parent":0,"menu_order":0,"comment_status":"closed","ping_status":"closed","template":"","meta":{"_acf_changed":false,"_joinchat":[],"footnotes":""},"class_list":["post-969","page","type-page","status-publish","hentry"],"acf":[],"_links":{"self":[{"href":"https:\/\/fidestraducciones.com\/es\/wp-json\/wp\/v2\/pages\/969","targetHints":{"allow":["GET"]}}],"collection":[{"href":"https:\/\/fidestraducciones.com\/es\/wp-json\/wp\/v2\/pages"}],"about":[{"href":"https:\/\/fidestraducciones.com\/es\/wp-json\/wp\/v2\/types\/page"}],"author":[{"embeddable":true,"href":"https:\/\/fidestraducciones.com\/es\/wp-json\/wp\/v2\/users\/1"}],"replies":[{"embeddable":true,"href":"https:\/\/fidestraducciones.com\/es\/wp-json\/wp\/v2\/comments?post=969"}],"version-history":[{"count":3,"href":"https:\/\/fidestraducciones.com\/es\/wp-json\/wp\/v2\/pages\/969\/revisions"}],"predecessor-version":[{"id":1171,"href":"https:\/\/fidestraducciones.com\/es\/wp-json\/wp\/v2\/pages\/969\/revisions\/1171"}],"wp:attachment":[{"href":"https:\/\/fidestraducciones.com\/es\/wp-json\/wp\/v2\/media?parent=969"}],"curies":[{"name":"wp","href":"https:\/\/api.w.org\/{rel}","templated":true}]}}