
{"id":52,"date":"2017-03-10T10:47:05","date_gmt":"2017-03-10T10:47:05","guid":{"rendered":"https:\/\/fidestraducciones.com\/?page_id=52"},"modified":"2021-08-13T19:59:51","modified_gmt":"2021-08-13T23:59:51","slug":"publicidad","status":"publish","type":"page","link":"https:\/\/fidestraducciones.com\/en\/publicidad\/","title":{"rendered":"ADVERTISEMENT"},"content":{"rendered":"<div class=\"vc_row wpb_row vc_row-fluid\"><div class=\"wpb_column vc_column_container vc_col-sm-12 sc_layouts_column_icons_position_left\"><div class=\"vc_column-inner\"><div class=\"wpb_wrapper\"><div class=\"vc_empty_space  height_huge\"   style=\"height: 32px\"><span class=\"vc_empty_space_inner\"><\/span><\/div><div class=\"vc_row wpb_row vc_inner vc_row-fluid\"><div class=\"wpb_column vc_column_container vc_col-sm-6 sc_layouts_column_icons_position_left\"><div class=\"vc_column-inner\"><div class=\"wpb_wrapper\">\n\t<div class=\"wpb_text_column wpb_content_element\" >\n\t\t<div class=\"wpb_wrapper\">\n\t\t\t<h2>Presentation Video<\/h2>\n\n\t\t<\/div>\n\t<\/div>\n<div id=\"widget_video_597342970\" class=\"widget_area sc_widget_video vc_widget_video wpb_content_element\"><aside id=\"widget_video_597342970_widget\" class=\"widget widget_video\"><div class=\"trx_addons_video_player with_cover hover_play\"><img fetchpriority=\"high\" decoding=\"async\" src=\"https:\/\/mlh2ogs4vnsp.i.optimole.com\/w:760\/h:428\/q:mauto\/rt:fill\/g:ce\/ig:avif\/https:\/\/fidestraducciones.com\/wp-content\/uploads\/2021\/08\/video-fides.jpg\" alt=\"\" width=\"760\" height=\"428\"><div class=\"video_mask\"><\/div><div class=\"video_hover\" data-video=\"&lt;iframe title=&quot;final final grande&quot; src=&quot;https:\/\/player.vimeo.com\/video\/582679744?dnt=1&amp;app_id=122963&amp;autoplay=1&quot; width=&quot;960&quot; height=&quot;540&quot; frameborder=&quot;0&quot; allow=&quot;autoplay; fullscreen; picture-in-picture&quot; allowfullscreen&gt;&lt;\/iframe&gt;\"><\/div><div class=\"video_embed video_frame\"><\/div><\/div><\/aside><\/div><div class=\"vc_empty_space  height_medium\"   style=\"height: 32px\"><span class=\"vc_empty_space_inner\"><\/span><\/div><div id=\"widget_video_1716838185\" class=\"widget_area sc_widget_video vc_widget_video wpb_content_element\"><aside id=\"widget_video_1716838185_widget\" class=\"widget widget_video\"><div class=\"trx_addons_video_player with_cover hover_play\"><img fetchpriority=\"high\" decoding=\"async\" src=\"https:\/\/mlh2ogs4vnsp.i.optimole.com\/w:auto\/h:auto\/q:mauto\/ig:avif\/https:\/\/fidestraducciones.com\/wp-content\/uploads\/2021\/08\/video-11.jpg\" alt=\"\" width=\"539\" height=\"537\"><div class=\"video_mask\"><\/div><div class=\"video_hover\" data-video=\"&lt;iframe title=&quot;Certified Translations Video&quot; src=&quot;https:\/\/player.vimeo.com\/video\/582691915?dnt=1&amp;app_id=122963&amp;autoplay=1&quot; width=&quot;720&quot; height=&quot;720&quot; frameborder=&quot;0&quot; allow=&quot;autoplay; fullscreen; picture-in-picture&quot; allowfullscreen&gt;&lt;\/iframe&gt;\"><\/div><div class=\"video_embed video_frame\"><\/div><\/div><\/aside><\/div><div class=\"vc_empty_space  height_medium\"   style=\"height: 32px\"><span class=\"vc_empty_space_inner\"><\/span><\/div><\/div><\/div><\/div><div class=\"wpb_column vc_column_container vc_col-sm-6 sc_layouts_column_icons_position_left\"><div class=\"vc_column-inner\"><div class=\"wpb_wrapper\">\n\t<div class=\"wpb_text_column wpb_content_element\" >\n\t\t<div class=\"wpb_wrapper\">\n\t\t\t<h2><\/h2>\n\n\t\t<\/div>\n\t<\/div>\n<div class=\"vc_empty_space  height_medium\"   style=\"height: 32px\"><span class=\"vc_empty_space_inner\"><\/span><\/div><div id=\"widget_slider_1421290595\" class=\"widget_area sc_widget_slider vc_widget_slider wpb_content_element\"><aside id=\"widget_slider_1421290595_widget\" class=\"widget widget_slider\">\t\t\t<div class=\"slider_wrap slider_engine_swiper\">\n\t\t\t\t<div id=\"widget_slider_1421290595_outer\" class=\"slider_swiper_outer slider_style_default slider_outer_direction_horizontal slider_outer_controls slider_outer_controls_side slider_outer_nopagination slider_outer_titles_center slider_outer_one\"><div id=\"widget_slider_1421290595_swiper\" class=\"slider_swiper swiper-slider-container slider_direction_horizontal slider_controls slider_controls_side slider_nopagination slider_titles_center slider_one slider_resize slider_height_auto slider_type_bg\" data-ratio=\"1:1\" data-interval=\"7000\" data-effect=\"slide\" data-pagination=\"bullets\" data-direction=\"horizontal\" data-slides-per-view=\"1\" data-slides-space=\"0\">\n\t\t\t\t\t\t<div class=\"swiper-wrapper\"><div  class=\"swiper-slide\" data-image=\"https:\/\/mlh2ogs4vnsp.i.optimole.com\/w:auto\/h:auto\/q:mauto\/ig:avif\/https:\/\/fidestraducciones.com\/wp-content\/uploads\/2021\/08\/07-02.jpg\" style=\"background-image:url(https:\/\/mlh2ogs4vnsp.i.optimole.com\/w:auto\/h:auto\/q:mauto\/ig:avif\/https:\/\/fidestraducciones.com\/wp-content\/uploads\/2021\/08\/07-02.jpg);\"><\/div><div  class=\"swiper-slide\" data-image=\"https:\/\/mlh2ogs4vnsp.i.optimole.com\/w:auto\/h:auto\/q:mauto\/ig:avif\/https:\/\/fidestraducciones.com\/wp-content\/uploads\/2021\/07\/Sin-titulo-6.png\" style=\"background-image:url(https:\/\/mlh2ogs4vnsp.i.optimole.com\/w:auto\/h:auto\/q:mauto\/ig:avif\/https:\/\/fidestraducciones.com\/wp-content\/uploads\/2021\/07\/Sin-titulo-6.png);\"><\/div><div  class=\"swiper-slide\" data-image=\"https:\/\/mlh2ogs4vnsp.i.optimole.com\/w:auto\/h:auto\/q:mauto\/ig:avif\/https:\/\/fidestraducciones.com\/wp-content\/uploads\/2021\/07\/Sin-titulo-7.png\" style=\"background-image:url(https:\/\/mlh2ogs4vnsp.i.optimole.com\/w:auto\/h:auto\/q:mauto\/ig:avif\/https:\/\/fidestraducciones.com\/wp-content\/uploads\/2021\/07\/Sin-titulo-7.png);\"><\/div><div  class=\"swiper-slide\" data-image=\"https:\/\/mlh2ogs4vnsp.i.optimole.com\/w:auto\/h:auto\/q:mauto\/ig:avif\/https:\/\/fidestraducciones.com\/wp-content\/uploads\/2021\/07\/slide-1.png\" style=\"background-image:url(https:\/\/mlh2ogs4vnsp.i.optimole.com\/w:auto\/h:auto\/q:mauto\/ig:avif\/https:\/\/fidestraducciones.com\/wp-content\/uploads\/2021\/07\/slide-1.png);\"><\/div><div  class=\"swiper-slide\" data-image=\"https:\/\/mlh2ogs4vnsp.i.optimole.com\/w:auto\/h:auto\/q:mauto\/ig:avif\/https:\/\/fidestraducciones.com\/wp-content\/uploads\/2021\/08\/30-08-19-01-e1628029124102.jpg\" style=\"background-image:url(https:\/\/mlh2ogs4vnsp.i.optimole.com\/w:auto\/h:auto\/q:mauto\/ig:avif\/https:\/\/fidestraducciones.com\/wp-content\/uploads\/2021\/08\/30-08-19-01-e1628029124102.jpg);\"><\/div><div  class=\"swiper-slide\" data-image=\"https:\/\/mlh2ogs4vnsp.i.optimole.com\/w:auto\/h:auto\/q:mauto\/ig:avif\/https:\/\/fidestraducciones.com\/wp-content\/uploads\/2021\/08\/31-01.jpg\" style=\"background-image:url(https:\/\/mlh2ogs4vnsp.i.optimole.com\/w:auto\/h:auto\/q:mauto\/ig:avif\/https:\/\/fidestraducciones.com\/wp-content\/uploads\/2021\/08\/31-01.jpg);\"><\/div><\/div><!-- \/.swiper-wripper --><div class=\"slider_controls_wrap\"><a class=\"slider_prev swiper-button-prev\" href=\"#\"><\/a><a class=\"slider_next swiper-button-next\" href=\"#\"><\/a><\/div><\/div><!-- \/.slider_swiper --><\/div><!-- \/.slider_swiper_outer -->\t\t\t<\/div>\n\t\t\t<\/aside><\/div><div id=\"widget_slider_2017034609\" class=\"widget_area sc_widget_slider vc_widget_slider wpb_content_element\"><aside id=\"widget_slider_2017034609_widget\" class=\"widget widget_slider\">\t\t\t<div class=\"slider_wrap slider_engine_swiper\">\n\t\t\t\t<div id=\"widget_slider_2017034609_outer\" class=\"slider_swiper_outer slider_style_default slider_outer_direction_horizontal slider_outer_controls slider_outer_controls_side slider_outer_nopagination slider_outer_titles_center slider_outer_one\"><div id=\"widget_slider_2017034609_swiper\" class=\"slider_swiper swiper-slider-container slider_direction_horizontal slider_controls slider_controls_side slider_nopagination slider_titles_center slider_one slider_resize slider_height_auto slider_type_bg\" data-ratio=\"1:1\" data-interval=\"7000\" data-effect=\"slide\" data-pagination=\"bullets\" data-direction=\"horizontal\" data-slides-per-view=\"1\" data-slides-space=\"0\">\n\t\t\t\t\t\t<div class=\"swiper-wrapper\"><div  class=\"swiper-slide\" data-image=\"https:\/\/mlh2ogs4vnsp.i.optimole.com\/w:auto\/h:auto\/q:mauto\/ig:avif\/https:\/\/fidestraducciones.com\/wp-content\/uploads\/2021\/08\/1-e1628027951456.png\" style=\"background-image:url(https:\/\/mlh2ogs4vnsp.i.optimole.com\/w:auto\/h:auto\/q:mauto\/ig:avif\/https:\/\/fidestraducciones.com\/wp-content\/uploads\/2021\/08\/1-e1628027951456.png);\"><\/div><div  class=\"swiper-slide\" data-image=\"https:\/\/mlh2ogs4vnsp.i.optimole.com\/w:auto\/h:auto\/q:mauto\/ig:avif\/https:\/\/fidestraducciones.com\/wp-content\/uploads\/2021\/08\/2-e1628027966843.png\" style=\"background-image:url(https:\/\/mlh2ogs4vnsp.i.optimole.com\/w:auto\/h:auto\/q:mauto\/ig:avif\/https:\/\/fidestraducciones.com\/wp-content\/uploads\/2021\/08\/2-e1628027966843.png);\"><\/div><div  class=\"swiper-slide\" data-image=\"https:\/\/mlh2ogs4vnsp.i.optimole.com\/w:auto\/h:auto\/q:mauto\/ig:avif\/https:\/\/fidestraducciones.com\/wp-content\/uploads\/2021\/08\/3-e1628027978897.png\" style=\"background-image:url(https:\/\/mlh2ogs4vnsp.i.optimole.com\/w:auto\/h:auto\/q:mauto\/ig:avif\/https:\/\/fidestraducciones.com\/wp-content\/uploads\/2021\/08\/3-e1628027978897.png);\"><\/div><div  class=\"swiper-slide\" data-image=\"https:\/\/mlh2ogs4vnsp.i.optimole.com\/w:auto\/h:auto\/q:mauto\/ig:avif\/https:\/\/fidestraducciones.com\/wp-content\/uploads\/2021\/08\/5-e1628028004902.png\" style=\"background-image:url(https:\/\/mlh2ogs4vnsp.i.optimole.com\/w:auto\/h:auto\/q:mauto\/ig:avif\/https:\/\/fidestraducciones.com\/wp-content\/uploads\/2021\/08\/5-e1628028004902.png);\"><\/div><div  class=\"swiper-slide\" data-image=\"https:\/\/mlh2ogs4vnsp.i.optimole.com\/w:auto\/h:auto\/q:mauto\/ig:avif\/https:\/\/fidestraducciones.com\/wp-content\/uploads\/2021\/08\/6-e1628028053865.png\" style=\"background-image:url(https:\/\/mlh2ogs4vnsp.i.optimole.com\/w:auto\/h:auto\/q:mauto\/ig:avif\/https:\/\/fidestraducciones.com\/wp-content\/uploads\/2021\/08\/6-e1628028053865.png);\"><\/div><\/div><!-- \/.swiper-wripper --><div class=\"slider_controls_wrap\"><a class=\"slider_prev swiper-button-prev\" href=\"#\"><\/a><a class=\"slider_next swiper-button-next\" href=\"#\"><\/a><\/div><\/div><!-- \/.slider_swiper --><\/div><!-- \/.slider_swiper_outer -->\t\t\t<\/div>\n\t\t\t<\/aside><\/div><\/div><\/div><\/div><\/div><div class=\"vc_empty_space  height_medium\"   style=\"height: 32px\"><span class=\"vc_empty_space_inner\"><\/span><\/div>\n\t<div class=\"wpb_text_column wpb_content_element\" >\n\t\t<div class=\"wpb_wrapper\">\n\t\t\t<hr \/>\n\n\t\t<\/div>\n\t<\/div>\n<\/div><\/div><\/div><\/div><div class=\"vc_row wpb_row vc_row-fluid\"><div class=\"wpb_column vc_column_container vc_col-sm-12 sc_layouts_column_icons_position_left\"><div class=\"vc_column-inner\"><div class=\"wpb_wrapper\"><div class=\"vc_empty_space  height_large\"   style=\"height: 32px\"><span class=\"vc_empty_space_inner\"><\/span><\/div><div class=\"vc_row wpb_row vc_inner vc_row-fluid\"><div class=\"wpb_column vc_column_container vc_col-sm-6 sc_layouts_column_icons_position_left\"><div class=\"vc_column-inner\"><div class=\"wpb_wrapper\">\n\t<div class=\"wpb_text_column wpb_content_element\" >\n\t\t<div class=\"wpb_wrapper\">\n\t\t\t<h2>Advertisement in Spanish<\/h2>\n\n\t\t<\/div>\n\t<\/div>\n<div id=\"widget_audio_918194675\" class=\"widget_area scheme_dark sc_widget_audio vc_widget_audio wpb_content_element  vc_custom_1628027780520\"><aside id=\"widget_audio_918194675_widget\" class=\"widget widget_audio\"><div class=\"trx_addons_audio_player without_cover\">\t\t<div class=\"audio_info\">\n\t\t\t\t\t\t\t<h6 class=\"audio_author\">Mp3<\/h6>\n\t\t\t\t\t\t\t\t\t\t<h5 class=\"audio_caption\">Expand your Audience by Translating your Content.<\/h5>\n\t\t\t\t\t<\/div>\n\t\t<div class=\"audio_frame audio_local\"><audio class=\"wp-audio-shortcode\" id=\"audio-52-1\" preload=\"none\" style=\"width: 100%;\" controls=\"controls\"><source type=\"audio\/mpeg\" src=\"https:\/\/fidestraducciones.com\/wp-content\/uploads\/2021\/08\/fides-publicidad-espanol.mp3?_=1\" \/><a href=\"[audio mp3=&quot;https:\/\/fidestraducciones.com\/wp-content\/uploads\/2021\/08\/fides-publicidad-ingles.mp3&quot;][\/audio]\">[audio mp3=\"https:\/\/fidestraducciones.com\/wp-content\/uploads\/2021\/08\/fides-publicidad-ingles.mp3\"][\/audio]<\/a><\/audio><\/div><\/div><\/aside><\/div><div class=\"vc_empty_space  height_medium\"   style=\"height: 32px\"><span class=\"vc_empty_space_inner\"><\/span><\/div><\/div><\/div><\/div><div class=\"wpb_column vc_column_container vc_col-sm-6 sc_layouts_column_icons_position_left\"><div class=\"vc_column-inner\"><div class=\"wpb_wrapper\">\n\t<div class=\"wpb_text_column wpb_content_element\" >\n\t\t<div class=\"wpb_wrapper\">\n\t\t\t<h2>Advertisement in English<\/h2>\n\n\t\t<\/div>\n\t<\/div>\n<div id=\"widget_audio_1734277596\" class=\"widget_area scheme_dark sc_widget_audio vc_widget_audio wpb_content_element  vc_custom_1628027790259\"><aside id=\"widget_audio_1734277596_widget\" class=\"widget widget_audio\"><div class=\"trx_addons_audio_player without_cover\">\t\t<div class=\"audio_info\">\n\t\t\t\t\t\t\t<h6 class=\"audio_author\">Mp3<\/h6>\n\t\t\t\t\t\t\t\t\t\t<h5 class=\"audio_caption\">Expand your Audience by Translating your Content.<\/h5>\n\t\t\t\t\t<\/div>\n\t\t<div class=\"audio_frame audio_local\"><audio class=\"wp-audio-shortcode\" id=\"audio-52-2\" preload=\"none\" style=\"width: 100%;\" controls=\"controls\"><source type=\"audio\/mpeg\" src=\"https:\/\/fidestraducciones.com\/wp-content\/uploads\/2021\/08\/fides-publicidad-ingles.mp3?_=2\" \/><a href=\"https:\/\/fidestraducciones.com\/wp-content\/uploads\/2021\/08\/fides-publicidad-ingles.mp3\">https:\/\/fidestraducciones.com\/wp-content\/uploads\/2021\/08\/fides-publicidad-ingles.mp3<\/a><\/audio><\/div><\/div><\/aside><\/div><div class=\"vc_empty_space  height_medium\"   style=\"height: 32px\"><span class=\"vc_empty_space_inner\"><\/span><\/div><\/div><\/div><\/div><\/div><div class=\"vc_empty_space  height_large\"   style=\"height: 32px\"><span class=\"vc_empty_space_inner\"><\/span><\/div>\n\t<div class=\"wpb_text_column wpb_content_element\" >\n\t\t<div class=\"wpb_wrapper\">\n\t\t\t<hr \/>\n\n\t\t<\/div>\n\t<\/div>\n<\/div><\/div><\/div><\/div><div class=\"vc_row wpb_row vc_row-fluid\"><div class=\"wpb_column vc_column_container vc_col-sm-12 sc_layouts_column_icons_position_left\"><div class=\"vc_column-inner\"><div class=\"wpb_wrapper\"><div class=\"vc_empty_space  height_large\"   style=\"height: 32px\"><span class=\"vc_empty_space_inner\"><\/span><\/div>\n\t<div class=\"wpb_text_column wpb_content_element\" >\n\t\t<div class=\"wpb_wrapper\">\n\t\t\t<h2>Certified Translations<\/h2>\n\n\t\t<\/div>\n\t<\/div>\n<div class=\"vc_row wpb_row vc_inner vc_row-fluid\"><div class=\"wpb_column vc_column_container vc_col-sm-6 sc_layouts_column_icons_position_left\"><div class=\"vc_column-inner\"><div class=\"wpb_wrapper\"><div id=\"sc_skills_341613470\"\n\t\tclass=\"sc_skills sc_skills_pie sc_skills_compact_off\"\n\t\t\t\tdata-type=\"pie\"\n\t\t><div class=\"sc_skills_columns sc_item_columns trx_addons_columns_wrap columns_padding_bottom\"><div class=\"sc_skills_column trx_addons_column-1_3\"><div class=\"sc_skills_item_wrap\"><div class=\"sc_skills_item\"><canvas id=\"sc_skills_canvas_793733016\"><\/canvas><div class=\"sc_skills_total\" data-start=\"0\" data-stop=\"864\" data-step=\"1\" data-steps=\"100\" data-max=\"100\" data-speed=\"40\" data-duration=\"34560\" data-color=\"#f14f4a\" data-bg_color=\"#f7f7f7\" data-border_color=\"\" data-cutout=\"90\" data-easing=\"easeOutCirc\" data-ed=\"\">0<\/div><\/div><div class=\"sc_skills_item_title\">Legal Industry<\/div><\/div><\/div><div class=\"sc_skills_column trx_addons_column-1_3\"><div class=\"sc_skills_item_wrap\"><div class=\"sc_skills_item\"><canvas id=\"sc_skills_canvas_2107142749\"><\/canvas><div class=\"sc_skills_total\" data-start=\"0\" data-stop=\"628\" data-step=\"1\" data-steps=\"100\" data-max=\"100\" data-speed=\"21\" data-duration=\"13188\" data-color=\"#f14f4a\" data-bg_color=\"#f7f7f7\" data-border_color=\"\" data-cutout=\"90\" data-easing=\"easeOutCirc\" data-ed=\"\">0<\/div><\/div><div class=\"sc_skills_item_title\">Academic documents<\/div><\/div><\/div><div class=\"sc_skills_column trx_addons_column-1_3\"><div class=\"sc_skills_item_wrap\"><div class=\"sc_skills_item\"><canvas id=\"sc_skills_canvas_170840889\"><\/canvas><div class=\"sc_skills_total\" data-start=\"0\" data-stop=\"322\" data-step=\"1\" data-steps=\"100\" data-max=\"100\" data-speed=\"11\" data-duration=\"3542\" data-color=\"#f14f4a\" data-bg_color=\"#f7f7f7\" data-border_color=\"\" data-cutout=\"90\" data-easing=\"easeOutCirc\" data-ed=\"\">0<\/div><\/div><div class=\"sc_skills_item_title\">Medical documents<\/div><\/div><\/div><\/div><\/div><div class=\"vc_empty_space  height_medium\"   style=\"height: 32px\"><span class=\"vc_empty_space_inner\"><\/span><\/div><\/div><\/div><\/div><div class=\"wpb_column vc_column_container vc_col-sm-6 sc_layouts_column_icons_position_left\"><div class=\"vc_column-inner\"><div class=\"wpb_wrapper\"><div id=\"sc_skills_1379286298\"\n\t\tclass=\"sc_skills sc_skills_counter\"\n\t\t\t\tdata-type=\"counter\"\n\t\t><div class=\"sc_skills_columns sc_item_columns trx_addons_columns_wrap columns_padding_bottom\"><div class=\"sc_skills_column trx_addons_column-1_2\"><div class=\"sc_skills_item_wrap\"><div class=\"sc_skills_item\"><div class=\"sc_skills_icon icon-globe-light\"><\/div><div class=\"sc_skills_item_title\">Apostille &amp; Legalizations<\/div><div class=\"sc_skills_total\" data-start=\"0\" data-stop=\"122\" data-step=\"6\" data-max=\"600\" data-speed=\"25\" data-duration=\"508\" data-ed=\"\">0<\/div><\/div><\/div><\/div><div class=\"sc_skills_column trx_addons_column-1_2\"><div class=\"sc_skills_item_wrap\"><div class=\"sc_skills_item\"><div class=\"sc_skills_icon icon-globe-light\"><\/div><div class=\"sc_skills_item_title\">Professional Translations<\/div><div class=\"sc_skills_total\" data-start=\"0\" data-stop=\"954\" data-step=\"6\" data-max=\"600\" data-speed=\"23\" data-duration=\"3657\" data-ed=\"\">0<\/div><\/div><\/div><\/div><\/div><\/div><\/div><\/div><\/div><\/div><div class=\"vc_empty_space  height_large\"   style=\"height: 32px\"><span class=\"vc_empty_space_inner\"><\/span><\/div>\n\t<div class=\"wpb_text_column wpb_content_element\" >\n\t\t<div class=\"wpb_wrapper\">\n\t\t\t<hr \/>\n\n\t\t<\/div>\n\t<\/div>\n<\/div><\/div><\/div><\/div>","protected":false},"excerpt":{"rendered":"Videos de presentaci\u00f3n Spot Publicitario\u00a0Espa\u00f1ol Lily Hunter Insert Audio Title Here https:\/\/fidestraducciones.com\/wp-content\/uploads\/2021\/08\/fides-publicidad-espanol.mp3 Spot Publicitario Ingl\u00e9s Lily Hunter Insert Audio Title Here https:\/\/fidestraducciones.com\/wp-content\/uploads\/2021\/08\/fides-publicidad-ingles.mp3 Trabajos Realizados 0Industria Legal0Acad\u00e9mico0MedicinaApostilla y Legalizaci\u00f3n0Traducci\u00f3nes Profesionales0","protected":false},"author":1,"featured_media":0,"parent":0,"menu_order":0,"comment_status":"closed","ping_status":"closed","template":"","meta":{"_acf_changed":false,"_joinchat":[],"footnotes":""},"class_list":["post-52","page","type-page","status-publish","hentry"],"acf":[],"_links":{"self":[{"href":"https:\/\/fidestraducciones.com\/en\/wp-json\/wp\/v2\/pages\/52","targetHints":{"allow":["GET"]}}],"collection":[{"href":"https:\/\/fidestraducciones.com\/en\/wp-json\/wp\/v2\/pages"}],"about":[{"href":"https:\/\/fidestraducciones.com\/en\/wp-json\/wp\/v2\/types\/page"}],"author":[{"embeddable":true,"href":"https:\/\/fidestraducciones.com\/en\/wp-json\/wp\/v2\/users\/1"}],"replies":[{"embeddable":true,"href":"https:\/\/fidestraducciones.com\/en\/wp-json\/wp\/v2\/comments?post=52"}],"version-history":[{"count":29,"href":"https:\/\/fidestraducciones.com\/en\/wp-json\/wp\/v2\/pages\/52\/revisions"}],"predecessor-version":[{"id":1203,"href":"https:\/\/fidestraducciones.com\/en\/wp-json\/wp\/v2\/pages\/52\/revisions\/1203"}],"wp:attachment":[{"href":"https:\/\/fidestraducciones.com\/en\/wp-json\/wp\/v2\/media?parent=52"}],"curies":[{"name":"wp","href":"https:\/\/api.w.org\/{rel}","templated":true}]}}