
{"id":252,"date":"2017-03-13T10:14:53","date_gmt":"2017-03-13T10:14:53","guid":{"rendered":"https:\/\/fidestraducciones.com\/?page_id=252"},"modified":"2021-07-30T17:52:00","modified_gmt":"2021-07-30T21:52:00","slug":"nuestra-historia","status":"publish","type":"page","link":"https:\/\/fidestraducciones.com\/en\/nuestra-historia\/","title":{"rendered":"OUR STORY"},"content":{"rendered":"<div class=\"vc_row wpb_row vc_row-fluid\"><div class=\"wpb_column vc_column_container vc_col-sm-12 sc_layouts_column_icons_position_left\"><div class=\"vc_column-inner\"><div class=\"wpb_wrapper\"><div class=\"vc_empty_space  height_huge\"   style=\"height: 32px\"><span class=\"vc_empty_space_inner\"><\/span><\/div><div  id=\"sc_promo_1528647629\" \n\tclass=\"sc_promo sc_promo_default sc_promo_size_normal sc_promo_no_paddings sc_promo_image_position_right\"><div class=\"sc_promo_image\" style=\"background-image:url(https:\/\/mlh2ogs4vnsp.i.optimole.com\/w:auto\/h:auto\/q:mauto\/ig:avif\/https:\/\/fidestraducciones.com\/wp-content\/uploads\/2017\/03\/img_promo2.png);width:50%;right: 0;\"><\/div><div class=\"sc_promo_text\" style=\"width: 50%;float: left;\">\n\t\t\t<div class=\"sc_promo_text_inner\" style=\"\"><h6 class=\"sc_item_subtitle sc_promo_subtitle sc_align_left sc_item_title_style_default\">WE WORK FOR YOU<\/h6><h3 class=\"sc_item_title sc_promo_title sc_align_left sc_item_title_style_default\">Order Professional Translations in Just A Few Clicks<\/h3><div class=\"sc_item_descr sc_promo_descr sc_align_left\">Fides means Faith, Trust and Loyalty, it was in Roman mythology the deity of trust. Her temple in the Roman Senate existed around 254 BC. Today Fides manifests herself in a business created by a local from Santa Cruz de la Sierra in 2019, before the pandemic (Covid-19) and which was born from the need to excel in a mostly informal area, generally carried out privately, generating mistrust with the translator or teacher and the quality of the product and \/ or service due to the lack and need of a system of quality and a word or symbol that represents the opposite. Fides, being synonymous with good faith, trust and loyalty in regards to important documents according to Roman mythology, this deity and word (Fides) represents the business and sets a precedent.<\/div><a href=\"\/en\/traduccion\/\" id=\"sc_button_1250465868\" class=\"sc_button sc_button_default sc_button_size_normal sc_button_icon_left\"><span class=\"sc_button_text\"><span class=\"sc_button_title\">DISCOVER MORE<\/span><\/span><!-- \/.sc_button_text --><\/a><!-- \/.sc_button --><\/div>\n\t\t<\/div><!-- \/.sc_promo_text --><\/div><!-- \/.sc_promo --><div class=\"vc_empty_space  height_huge\"   style=\"height: 32px\"><span class=\"vc_empty_space_inner\"><\/span><\/div><\/div><\/div><\/div><\/div><div id=\"paso2\" data-vc-full-width=\"true\" data-vc-full-width-init=\"false\" class=\"vc_row wpb_row vc_row-fluid vc_custom_1627681917842 vc_row-has-fill\"><div class=\"wpb_column vc_column_container vc_col-sm-12 sc_layouts_column_icons_position_left\"><div class=\"vc_column-inner\"><div class=\"wpb_wrapper\"><div class=\"vc_empty_space  height_huge\"   style=\"height: 32px\"><span class=\"vc_empty_space_inner\"><\/span><\/div><div id=\"sc_services_610729735\" class=\"sc_services sc_services_list\"><h3 class=\"sc_item_title sc_services_title sc_align_center sc_item_title_style_default\">Excellence in Learning<\/h3><div class=\"sc_item_descr sc_services_descr sc_align_center\">Translation is the communication of the meaning of a text in the source language by means of a text or equivalent communication in the target language.<\/div><div class=\"sc_services_columns sc_item_columns sc_item_columns_3 trx_addons_columns_wrap\"><div class=\"trx_addons_column-1_3\"><div class=\"sc_services_item without_content with_image sc_services_item_featured_top\">\n\t\t<div class=\"sc_services_item_info\">\n\t\t<div class=\"sc_services_item_header\">\n\t\t\t<h6 class=\"sc_services_item_title\">\n\t\t\t\t<a href=\"https:\/\/fidestraducciones.com\/en\/services\/aprendizaje-kinestesico\/\" class=\"sc_services_item_image_icon\"><img fetchpriority=\"high\" decoding=\"async\" src=\"https:\/\/mlh2ogs4vnsp.i.optimole.com\/w:300\/h:300\/q:mauto\/ig:avif\/https:\/\/fidestraducciones.com\/wp-content\/uploads\/2017\/03\/FAVORITE-BOOK_512x512-1.png\" alt=\"\"\/><\/a>\n\t\t\t\t<a href=\"https:\/\/fidestraducciones.com\/en\/services\/aprendizaje-kinestesico\/\">Hands-on Learning<\/a>\n\t\t\t<\/h6>\n\t\t<\/div>\n\t\t\t\t\t<div class=\"sc_services_item_content\"><p>Hands-on or Kinesthetic learning, stimulates our brain muscle to act through experiences, memories and even unconscious stimuli. The best example of this is if we get on a bicycle for the first time we will surely fall, but if we continue to climb on, little by little we will see that our body adapts with balance and learns to move with the bicycle without falling. This is kinesthetic learning. <\/p>\n<\/div>\n\t\t\t<\/div>\n<\/div>\n<\/div><div class=\"trx_addons_column-1_3\"><div class=\"sc_services_item without_content with_image sc_services_item_featured_top\">\n\t\t<div class=\"sc_services_item_info\">\n\t\t<div class=\"sc_services_item_header\">\n\t\t\t<h6 class=\"sc_services_item_title\">\n\t\t\t\t<a href=\"https:\/\/fidestraducciones.com\/en\/services\/traducciones-de-bajo-costo\/\" class=\"sc_services_item_image_icon\"><img fetchpriority=\"high\" decoding=\"async\" src=\"https:\/\/mlh2ogs4vnsp.i.optimole.com\/w:300\/h:300\/q:mauto\/ig:avif\/https:\/\/fidestraducciones.com\/wp-content\/uploads\/2017\/03\/GLOBAL-BUSINESS_512x512-1.png\" alt=\"\"\/><\/a>\n\t\t\t\t<a href=\"https:\/\/fidestraducciones.com\/en\/services\/traducciones-de-bajo-costo\/\">Low-Cost Translation<\/a>\n\t\t\t<\/h6>\n\t\t<\/div>\n\t\t\t\t\t<div class=\"sc_services_item_content\"><p>Low-cost translations turn out to be personal documents such as, your identification or immigration card, including your residence card, employment or invitation letter and some legal documents such as, birth or marriage certificates, even a passport. Due to the high demand for these and many more documents, it is the reason why we can offer low-cost translations for our clients.<\/p>\n<\/div>\n\t\t\t<\/div>\n<\/div>\n<\/div><div class=\"trx_addons_column-1_3\"><div class=\"sc_services_item without_content with_image sc_services_item_featured_top\">\n\t\t<div class=\"sc_services_item_info\">\n\t\t<div class=\"sc_services_item_header\">\n\t\t\t<h6 class=\"sc_services_item_title\">\n\t\t\t\t<a href=\"https:\/\/fidestraducciones.com\/en\/services\/aprendizaje-sobresaliente\/\" class=\"sc_services_item_image_icon\"><img data-opt-src=\"https:\/\/mlh2ogs4vnsp.i.optimole.com\/w:300\/h:300\/q:mauto\/ig:avif\/https:\/\/fidestraducciones.com\/wp-content\/uploads\/2017\/03\/BUSINESS-PAPER_512x512-1.png\"  decoding=\"async\" src=\"data:image/svg+xml,%3Csvg%20viewBox%3D%220%200%20300%20300%22%20width%3D%22300%22%20height%3D%22300%22%20xmlns%3D%22http%3A%2F%2Fwww.w3.org%2F2000%2Fsvg%22%3E%3Crect%20width%3D%22300%22%20height%3D%22300%22%20fill%3D%22transparent%22%2F%3E%3C%2Fsvg%3E\" alt=\"\"\/><\/a>\n\t\t\t\t<a href=\"https:\/\/fidestraducciones.com\/en\/services\/aprendizaje-sobresaliente\/\">Outstanding Teaching<\/a>\n\t\t\t<\/h6>\n\t\t<\/div>\n\t\t\t\t\t<div class=\"sc_services_item_content\"><p>Learning is the process through which abilities, skills, knowledge, behavior and values are modified and acquired. This as a result of study, experience, instruction, reasoning and observation. We plan according to each stage in the teaching-learning process.<\/p>\n<\/div>\n\t\t\t<\/div>\n<\/div>\n<\/div><\/div><\/div><!-- \/.sc_services --><div class=\"vc_empty_space  height_large\"   style=\"height: 32px\"><span class=\"vc_empty_space_inner\"><\/span><\/div><div class=\"sc_item_button sc_button_wrap sc_align_center\"><a href=\"\/en\/nuestra-mision\/\" id=\"sc_button_2037856597\" class=\"sc_button sc_button_default sc_button_size_normal sc_button_icon_left\"><span class=\"sc_button_text sc_align_center\"><span class=\"sc_button_title\">MEET OUR TRANSLATORS<\/span><\/span><!-- \/.sc_button_text --><\/a><!-- \/.sc_button --><\/div><!-- \/.sc_item_button --><div class=\"vc_empty_space  height_large\"   style=\"height: 32px\"><span class=\"vc_empty_space_inner\"><\/span><\/div><\/div><\/div><\/div><\/div><div class=\"vc_row-full-width vc_clearfix\"><\/div>","protected":false},"excerpt":{"rendered":"El aprendizaje es el proceso a trav\u00e9s del cual se modifican y adquieren habilidades, destrezas, conocimientos, conductas y valores. Esto como resultado del estudio, la experiencia, la instrucci\u00f3n, el razonamiento y la observaci\u00f3n. Planificamos a medida de cada etapa en la ense\u00f1anza-aprendizaje.","protected":false},"author":1,"featured_media":0,"parent":0,"menu_order":0,"comment_status":"closed","ping_status":"closed","template":"","meta":{"_acf_changed":false,"_joinchat":[],"footnotes":""},"class_list":["post-252","page","type-page","status-publish","hentry"],"acf":[],"_links":{"self":[{"href":"https:\/\/fidestraducciones.com\/en\/wp-json\/wp\/v2\/pages\/252","targetHints":{"allow":["GET"]}}],"collection":[{"href":"https:\/\/fidestraducciones.com\/en\/wp-json\/wp\/v2\/pages"}],"about":[{"href":"https:\/\/fidestraducciones.com\/en\/wp-json\/wp\/v2\/types\/page"}],"author":[{"embeddable":true,"href":"https:\/\/fidestraducciones.com\/en\/wp-json\/wp\/v2\/users\/1"}],"replies":[{"embeddable":true,"href":"https:\/\/fidestraducciones.com\/en\/wp-json\/wp\/v2\/comments?post=252"}],"version-history":[{"count":40,"href":"https:\/\/fidestraducciones.com\/en\/wp-json\/wp\/v2\/pages\/252\/revisions"}],"predecessor-version":[{"id":1098,"href":"https:\/\/fidestraducciones.com\/en\/wp-json\/wp\/v2\/pages\/252\/revisions\/1098"}],"wp:attachment":[{"href":"https:\/\/fidestraducciones.com\/en\/wp-json\/wp\/v2\/media?parent=252"}],"curies":[{"name":"wp","href":"https:\/\/api.w.org\/{rel}","templated":true}]}}